{"id":28,"date":"2015-09-27T02:00:36","date_gmt":"2015-09-27T00:00:36","guid":{"rendered":"http:\/\/bachl-saege.at\/?page_id=28"},"modified":"2022-08-24T15:24:03","modified_gmt":"2022-08-24T13:24:03","slug":"lohnschnitt","status":"publish","type":"page","link":"https:\/\/bachl-saege.at\/index.php\/saegewerk\/lohnschnitt\/","title":{"rendered":"Holzbrunnen"},"content":{"rendered":"<h1 id=\"Holzbrunnenoben\"><\/h1>\n<p style=\"text-align: center;\">Gerne gestalten wir f\u00fcr Sie Holzbrunnen nach Ihren W\u00fcnschen. Jederzeit stehen wir<br \/>\nf\u00fcr Anfragen via Mail (<a href=\"mailto:office@bachl-saege.at\">office@bachl-saege.at<\/a>) oder per Telefon (07258 4059) bereit.<\/p>\n<p style=\"padding-left: 30px;\"><img loading=\"lazy\" decoding=\"async\" class=\"size-medium wp-image-133 aligncenter\" src=\"http:\/\/bachl-saege.at\/wp-content\/uploads\/2015\/09\/P1150699-216x300.jpg\" alt=\"P1150699\" width=\"216\" height=\"300\" srcset=\"https:\/\/bachl-saege.at\/wp-content\/uploads\/2015\/09\/P1150699-216x300.jpg 216w, https:\/\/bachl-saege.at\/wp-content\/uploads\/2015\/09\/P1150699-768x1069.jpg 768w, https:\/\/bachl-saege.at\/wp-content\/uploads\/2015\/09\/P1150699-736x1024.jpg 736w, https:\/\/bachl-saege.at\/wp-content\/uploads\/2015\/09\/P1150699-400x557.jpg 400w, https:\/\/bachl-saege.at\/wp-content\/uploads\/2015\/09\/P1150699.jpg 1901w\" sizes=\"auto, (max-width: 216px) 100vw, 216px\" \/><img loading=\"lazy\" decoding=\"async\" class=\"size-medium wp-image-128 aligncenter\" src=\"http:\/\/bachl-saege.at\/wp-content\/uploads\/2015\/09\/P1150690-259x300.jpg\" alt=\"P1150690\" width=\"259\" height=\"300\" srcset=\"https:\/\/bachl-saege.at\/wp-content\/uploads\/2015\/09\/P1150690-259x300.jpg 259w, https:\/\/bachl-saege.at\/wp-content\/uploads\/2015\/09\/P1150690-768x889.jpg 768w, https:\/\/bachl-saege.at\/wp-content\/uploads\/2015\/09\/P1150690-885x1024.jpg 885w, https:\/\/bachl-saege.at\/wp-content\/uploads\/2015\/09\/P1150690-400x463.jpg 400w\" sizes=\"auto, (max-width: 259px) 100vw, 259px\" \/><a href=\"http:\/\/bachl-saege.at\/wp-content\/uploads\/2015\/09\/P1150694.jpg\" rel=\"attachment wp-att-120\"><img loading=\"lazy\" decoding=\"async\" class=\"size-medium wp-image-120 aligncenter\" src=\"http:\/\/bachl-saege.at\/wp-content\/uploads\/2015\/09\/P1150694-191x300.jpg\" alt=\"P1150694\" width=\"191\" height=\"300\" srcset=\"https:\/\/bachl-saege.at\/wp-content\/uploads\/2015\/09\/P1150694-191x300.jpg 191w, https:\/\/bachl-saege.at\/wp-content\/uploads\/2015\/09\/P1150694-768x1209.jpg 768w, https:\/\/bachl-saege.at\/wp-content\/uploads\/2015\/09\/P1150694-650x1024.jpg 650w, https:\/\/bachl-saege.at\/wp-content\/uploads\/2015\/09\/P1150694-400x630.jpg 400w, https:\/\/bachl-saege.at\/wp-content\/uploads\/2015\/09\/P1150694.jpg 1536w\" sizes=\"auto, (max-width: 191px) 100vw, 191px\" \/><\/a><\/p>\n<p><a href=\"http:\/\/bachl-saege.at\/wp-content\/uploads\/2015\/09\/Holzbrunnen-1.jpg\"><img loading=\"lazy\" decoding=\"async\" class=\"size-medium wp-image-228 aligncenter\" src=\"http:\/\/bachl-saege.at\/wp-content\/uploads\/2015\/09\/Holzbrunnen-1-300x231.jpg\" alt=\"\" width=\"300\" height=\"231\" srcset=\"https:\/\/bachl-saege.at\/wp-content\/uploads\/2015\/09\/Holzbrunnen-1-300x231.jpg 300w, https:\/\/bachl-saege.at\/wp-content\/uploads\/2015\/09\/Holzbrunnen-1-768x592.jpg 768w, https:\/\/bachl-saege.at\/wp-content\/uploads\/2015\/09\/Holzbrunnen-1-1024x789.jpg 1024w, https:\/\/bachl-saege.at\/wp-content\/uploads\/2015\/09\/Holzbrunnen-1-400x308.jpg 400w, https:\/\/bachl-saege.at\/wp-content\/uploads\/2015\/09\/Holzbrunnen-1.jpg 1086w\" sizes=\"auto, (max-width: 300px) 100vw, 300px\" \/><\/a><a href=\"http:\/\/bachl-saege.at\/wp-content\/uploads\/2015\/09\/Holzbrunnen.jpg\"><img loading=\"lazy\" decoding=\"async\" class=\"wp-image-227 aligncenter\" src=\"http:\/\/bachl-saege.at\/wp-content\/uploads\/2015\/09\/Holzbrunnen-300x233.jpg\" alt=\"\" width=\"250\" height=\"194\" srcset=\"https:\/\/bachl-saege.at\/wp-content\/uploads\/2015\/09\/Holzbrunnen-300x233.jpg 300w, https:\/\/bachl-saege.at\/wp-content\/uploads\/2015\/09\/Holzbrunnen-768x596.jpg 768w, https:\/\/bachl-saege.at\/wp-content\/uploads\/2015\/09\/Holzbrunnen-400x310.jpg 400w, https:\/\/bachl-saege.at\/wp-content\/uploads\/2015\/09\/Holzbrunnen.jpg 843w\" sizes=\"auto, (max-width: 250px) 100vw, 250px\" \/><\/a><\/p>\n","protected":false},"excerpt":{"rendered":"<p>Gerne gestalten wir f\u00fcr Sie Holzbrunnen nach Ihren W\u00fcnschen. Jederzeit stehen wir f\u00fcr Anfragen via Mail (office@bachl-saege.at) oder per Telefon (07258 4059) bereit.<\/p>\n","protected":false},"author":1,"featured_media":0,"parent":24,"menu_order":1,"comment_status":"closed","ping_status":"closed","template":"page-templates\/full-width.php","meta":{"footnotes":""},"class_list":["post-28","page","type-page","status-publish","hentry"],"_links":{"self":[{"href":"https:\/\/bachl-saege.at\/index.php\/wp-json\/wp\/v2\/pages\/28","targetHints":{"allow":["GET"]}}],"collection":[{"href":"https:\/\/bachl-saege.at\/index.php\/wp-json\/wp\/v2\/pages"}],"about":[{"href":"https:\/\/bachl-saege.at\/index.php\/wp-json\/wp\/v2\/types\/page"}],"author":[{"embeddable":true,"href":"https:\/\/bachl-saege.at\/index.php\/wp-json\/wp\/v2\/users\/1"}],"replies":[{"embeddable":true,"href":"https:\/\/bachl-saege.at\/index.php\/wp-json\/wp\/v2\/comments?post=28"}],"version-history":[{"count":21,"href":"https:\/\/bachl-saege.at\/index.php\/wp-json\/wp\/v2\/pages\/28\/revisions"}],"predecessor-version":[{"id":458,"href":"https:\/\/bachl-saege.at\/index.php\/wp-json\/wp\/v2\/pages\/28\/revisions\/458"}],"up":[{"embeddable":true,"href":"https:\/\/bachl-saege.at\/index.php\/wp-json\/wp\/v2\/pages\/24"}],"wp:attachment":[{"href":"https:\/\/bachl-saege.at\/index.php\/wp-json\/wp\/v2\/media?parent=28"}],"curies":[{"name":"wp","href":"https:\/\/api.w.org\/{rel}","templated":true}]}}