{"id":26,"date":"2015-09-27T02:00:03","date_gmt":"2015-09-27T00:00:03","guid":{"rendered":"http:\/\/bachl-saege.at\/?page_id=26"},"modified":"2022-08-24T15:23:44","modified_gmt":"2022-08-24T13:23:44","slug":"bauholz","status":"publish","type":"page","link":"https:\/\/bachl-saege.at\/index.php\/saegewerk\/bauholz\/","title":{"rendered":"Bauholz"},"content":{"rendered":"<h1 id=\"Bauholzoben\"><\/h1>\n<h3 style=\"text-align: center;\"><strong>Bauholz, Kantholz, Dachstuhl<\/strong><\/h3>\n<p style=\"text-align: center;\"><strong>Holzarten: <\/strong>Fichte, Tanne, L\u00e4rche<br \/>\n<strong>L\u00e4nge:<\/strong> nach Wunsch(bis 16m)<br \/>\n<strong>St\u00e4rke: <\/strong>nach Wunsch (bis ca. 50cm)<br \/>\n<strong>Breite: <\/strong>nach Wunsch (bis ca. 50cm)<br \/>\n<strong>auf Wunsch auch technisch getrocknet<br \/>\n<\/strong><\/p>\n<h3 style=\"text-align: center;\"><strong>Pfosten:<\/strong><\/h3>\n<p style=\"text-align: center;\"><strong>Holzarten: <\/strong>Fichte, Tanne, L\u00e4rche<br \/>\n<strong>L\u00e4nge:<\/strong> 3m bis 6m auf Wunsch auch L\u00e4nger<br \/>\n<strong>St\u00e4rken: <\/strong>40mm, 50mm oder nach Wunsch<br \/>\n<strong>Breite:<\/strong> von 12cm bis 35cm<br \/>\n<strong>auf Wunsch auch technisch getrocknet<\/strong><\/p>\n<h3 style=\"text-align: center;\"><strong>Staffeln, Latten:<\/strong><\/h3>\n<p style=\"text-align: center;\"><strong>Holzarten: <\/strong>Fichte, Tanne, L\u00e4rche<br \/>\n<strong>L\u00e4nge:<\/strong> 3m bis 6m<br \/>\n<strong>Dimensionen: <\/strong>3 x 5 cm, 3,5 x 5 cm, 4 x 5 cm, 4 x 6cm, 5 x 5 cm, 5 x 8 cm<br \/>\n<strong>auf Wunsch auch technisch getrocknet<\/strong><\/p>\n<h3 style=\"text-align: center;\"><strong>Bretter:<\/strong><\/h3>\n<p style=\"text-align: center;\"><strong>Holzarten: <\/strong>Fichte, Tanne, L\u00e4rche<br \/>\n<strong>L\u00e4nge:<\/strong> 3m bis 6m<br \/>\n<strong>St\u00e4rke: <\/strong>24mm, 30mm oder nach Wunsch<br \/>\n<strong>Breite: <\/strong>8cm bis 24cm<br \/>\n<strong>auf Wunsch auch technisch getrocknet<\/strong><\/p>\n","protected":false},"excerpt":{"rendered":"<p>Bauholz, Kantholz, Dachstuhl Holzarten: Fichte, Tanne, L\u00e4rche L\u00e4nge: nach Wunsch(bis 16m) St\u00e4rke: nach Wunsch (bis ca. 50cm) Breite: nach Wunsch (bis ca. 50cm) auf Wunsch auch technisch getrocknet Pfosten: Holzarten: [&hellip;]<\/p>\n","protected":false},"author":1,"featured_media":0,"parent":24,"menu_order":0,"comment_status":"closed","ping_status":"closed","template":"page-templates\/full-width.php","meta":{"footnotes":""},"class_list":["post-26","page","type-page","status-publish","hentry"],"_links":{"self":[{"href":"https:\/\/bachl-saege.at\/index.php\/wp-json\/wp\/v2\/pages\/26","targetHints":{"allow":["GET"]}}],"collection":[{"href":"https:\/\/bachl-saege.at\/index.php\/wp-json\/wp\/v2\/pages"}],"about":[{"href":"https:\/\/bachl-saege.at\/index.php\/wp-json\/wp\/v2\/types\/page"}],"author":[{"embeddable":true,"href":"https:\/\/bachl-saege.at\/index.php\/wp-json\/wp\/v2\/users\/1"}],"replies":[{"embeddable":true,"href":"https:\/\/bachl-saege.at\/index.php\/wp-json\/wp\/v2\/comments?post=26"}],"version-history":[{"count":5,"href":"https:\/\/bachl-saege.at\/index.php\/wp-json\/wp\/v2\/pages\/26\/revisions"}],"predecessor-version":[{"id":456,"href":"https:\/\/bachl-saege.at\/index.php\/wp-json\/wp\/v2\/pages\/26\/revisions\/456"}],"up":[{"embeddable":true,"href":"https:\/\/bachl-saege.at\/index.php\/wp-json\/wp\/v2\/pages\/24"}],"wp:attachment":[{"href":"https:\/\/bachl-saege.at\/index.php\/wp-json\/wp\/v2\/media?parent=26"}],"curies":[{"name":"wp","href":"https:\/\/api.w.org\/{rel}","templated":true}]}}