{"id":2,"date":"2015-09-26T21:54:46","date_gmt":"2015-09-26T19:54:46","guid":{"rendered":"http:\/\/bachl-saege.at\/?page_id=2"},"modified":"2022-08-24T15:15:11","modified_gmt":"2022-08-24T13:15:11","slug":"beispiel-seite","status":"publish","type":"page","link":"https:\/\/bachl-saege.at\/","title":{"rendered":"\u00dcber Uns"},"content":{"rendered":"<h1 id=\"Ueberunsoben\"><\/h1>\n<header class=\"entry-header\">\n<h1 class=\"entry-title\" style=\"text-align: center;\"><\/h1>\n<\/header>\n<div class=\"entry-content\">\n<p style=\"text-align: left;\">Herzlich Willkommen beim S\u00e4gewerk und der Schwarzbrotb\u00e4ckerei Bachl (P\u00f6glm\u00fchle) aus Adlwang!<\/p>\n<p style=\"text-align: left;\">Wir sind ein Familienbetrieb und verstehen sich als kompetenter Anbieter in Sachen Holz. Zu unserem Angebot z\u00e4hlt <a href=\"http:\/\/bachl-saege.at\/index.php\/saegewerk\/bauholz\/#Bauholzoben\">Bauholz<\/a>, vor allem in Fichte, Tanne und L\u00e4rche, sowohl f\u00fcr Zimmereibetriebe als auch f\u00fcr Private. Neben dem qualitativ hochwertigen Bauholz produzieren wir auch Paletten nach Ma\u00df, auf Wunsch f\u00fcr den Export hitzebehandelt laut IPPC \/ ISPM 15. Weiters verf\u00fcgen wir \u00fcber eine Vakuum-Trockenkammer und einem <a href=\"http:\/\/bachl-saege.at\/index.php\/hobelwerk\/#Hobelwerkoben\">Hobelwerk<\/a>. Nat\u00fcrlich stehen wir Ihnen auch gerne f\u00fcr jegliche Dienstleistungen wie Lohnschnitt, Lohnhobeln, Lohntrocknung und Lohnentrindung bereit.<\/p>\n<p style=\"text-align: left;\">\u00dcberdies stellen wir individuell angefertigte <a href=\"http:\/\/bachl-saege.at\/index.php\/saegewerk\/lohnschnitt\/#Holzbrunnenoben\">Holzbrunnen <\/a>her. Ob Kantholz, Staffeln, Latten, Pfosten, Bretter, Hobelware oder Terrassenb\u00f6den, wir unterst\u00fctzen Sie gerne bei Ihrer Planung.<\/p>\n<p style=\"text-align: left;\">T\u00e4glich verkaufen wir unser traditionell im Holzofen gebackenes <a href=\"http:\/\/bachl-saege.at\/index.php\/baeckerei\/#Baeckereioben\">Schwarzbrot<\/a> ohne chemische Zusatzstoffe. Bei Selbstabholung in unserem Betrieb bitten wir Sie um einen kurzen Anruf am Vortag.<\/p>\n<p style=\"text-align: left;\">Jederzeit freuen wir uns \u00fcber Ihre Anfrage direkt unter <a href=\"tel:+4368110379536\">0681 103 795 36<\/a> oder <a href=\"mailto:office@bachl-saege.at\">office@bachl-saege.at<\/a><\/p>\n<\/div>\n","protected":false},"excerpt":{"rendered":"<p>Herzlich Willkommen beim S\u00e4gewerk und der Schwarzbrotb\u00e4ckerei Bachl (P\u00f6glm\u00fchle) aus Adlwang! Wir sind ein Familienbetrieb und verstehen sich als kompetenter Anbieter in Sachen Holz. Zu unserem Angebot z\u00e4hlt Bauholz, vor [&hellip;]<\/p>\n","protected":false},"author":1,"featured_media":0,"parent":0,"menu_order":0,"comment_status":"open","ping_status":"open","template":"page-templates\/full-width.php","meta":{"footnotes":""},"class_list":["post-2","page","type-page","status-publish","hentry"],"_links":{"self":[{"href":"https:\/\/bachl-saege.at\/index.php\/wp-json\/wp\/v2\/pages\/2","targetHints":{"allow":["GET"]}}],"collection":[{"href":"https:\/\/bachl-saege.at\/index.php\/wp-json\/wp\/v2\/pages"}],"about":[{"href":"https:\/\/bachl-saege.at\/index.php\/wp-json\/wp\/v2\/types\/page"}],"author":[{"embeddable":true,"href":"https:\/\/bachl-saege.at\/index.php\/wp-json\/wp\/v2\/users\/1"}],"replies":[{"embeddable":true,"href":"https:\/\/bachl-saege.at\/index.php\/wp-json\/wp\/v2\/comments?post=2"}],"version-history":[{"count":18,"href":"https:\/\/bachl-saege.at\/index.php\/wp-json\/wp\/v2\/pages\/2\/revisions"}],"predecessor-version":[{"id":436,"href":"https:\/\/bachl-saege.at\/index.php\/wp-json\/wp\/v2\/pages\/2\/revisions\/436"}],"wp:attachment":[{"href":"https:\/\/bachl-saege.at\/index.php\/wp-json\/wp\/v2\/media?parent=2"}],"curies":[{"name":"wp","href":"https:\/\/api.w.org\/{rel}","templated":true}]}}